{"id":4298,"date":"2023-09-19T23:24:30","date_gmt":"2023-09-19T23:24:30","guid":{"rendered":"https:\/\/vancouvercompetition.com\/?page_id=4298"},"modified":"2023-09-27T00:13:23","modified_gmt":"2023-09-27T00:13:23","slug":"2023-vimc-final-round","status":"publish","type":"page","link":"https:\/\/vancouvercompetition.com\/zh\/2023-vimc-final-round\/","title":{"rendered":"2023 VIMC \u51b3\u8d5b"},"content":{"rendered":"<h1 class=\"wp-block-heading\">2023 VIMC \u51b3\u8d5b<\/h1>\n\n\n\n<h3 class=\"wp-block-heading\">(In the alphabetical order of the first name)<\/h3>\n\n\n\n<h1 class=\"wp-block-heading has-text-color\" style=\"color:#b71c1c\">Piano: Oct 7th &amp; 8th, Venue Roy Barnett Hall, UBC<\/h1>\n\n\n\n<div class=\"wp-block-columns is-layout-flex wp-container-core-columns-is-layout-9d6595d7 wp-block-columns-is-layout-flex\">\n<div class=\"wp-block-column is-layout-flow wp-block-column-is-layout-flow\" style=\"flex-basis:100%\">\n<div class=\"wp-block-group\"><div class=\"wp-block-group__inner-container is-layout-constrained wp-block-group-is-layout-constrained\">\n<div class=\"wp-block-columns is-layout-flex wp-container-core-columns-is-layout-9d6595d7 wp-block-columns-is-layout-flex\"><\/div>\n<\/div><\/div>\n<\/div>\n<\/div>\n\n\n\n<h2 class=\"wp-block-heading has-text-color\" style=\"color:#b71c1c\"><strong>October 7th, 9:00am-12:30pm:<\/strong> Piano \/ Young Talents (Age 9-12)<\/h2>\n\n\n\n<figure class=\"wp-block-table is-style-stripes\"><table><tbody><tr><td><strong>First Name<\/strong><\/td><td><strong>Last Name<\/strong><\/td><td><strong>Piece title<\/strong><\/td><td><strong>Composer<\/strong><\/td><td><strong>Canadian Composition<\/strong><\/td><\/tr><tr><td>Bentley<\/td><td>Penn<\/td><td>Impromptu Op. 90, No. 4<\/td><td>&nbsp;F. Schubert<\/td><td>No<\/td><\/tr><tr><td>Cameron<\/td><td>Chen<\/td><td>The Ballade No. 3 in A\u266d major, Op. 47<\/td><td>Fr\u00e9d\u00e9ric Chopin<\/td><td>No<\/td><\/tr><tr><td>Charlotte Florence<\/td><td>Deng<\/td><td>The Lark<\/td><td>Mikhail Glinka<\/td><td>No<\/td><\/tr><tr><td>Ethan Yichun<\/td><td>Wang<\/td><td>The Cat and the Mouse<\/td><td>Aaron Copland<\/td><td>No<\/td><\/tr><tr><td>Evan<\/td><td>Chen<\/td><td>Jeux D\u2019eau<\/td><td>Maurice Ravel<\/td><td>No<\/td><\/tr><tr><td>Evan<\/td><td>Zhang<\/td><td>Fantasiest\u00fccke Op.12 No.1 &#8220;Des Abends&#8221;<br><\/td><td>Robert Schumann<\/td><td>No<\/td><\/tr><tr><td>Felicia Jingru<\/td><td>Ma<\/td><td>Mazurka in A minor Opus 17 No. 4<\/td><td>Fr\u00e9d\u00e9ric Chopin<\/td><td>No<\/td><\/tr><tr><td>Flora<\/td><td>Zhu<\/td><td>Fantaisie-Impromptu<\/td><td>F. Chopin<\/td><td>No<\/td><\/tr><tr><td>George Yi Han<\/td><td>Wang<\/td><td>Fantaisie Impromptu,op.66<\/td><td>Frederic Chopin<\/td><td>No<\/td><\/tr><tr><td>Gloria<\/td><td>Du<\/td><td>Sonata in F Major Hob XVI23 1st Mvt<\/td><td>Joseph Haydn<\/td><td>No<\/td><\/tr><tr><td>Jacob<\/td><td>Cai<\/td><td>Ann\u00e9es de P\u00e8lerinage I (Suisse): Nr. 9 Les cloches de Gen\u00e8ve<\/td><td>F. Liszt<\/td><td>No<\/td><\/tr><tr><td>Jiaxin<\/td><td>Lin<\/td><td>Fantaisie-Impromptu in c sharp minor op.66<\/td><td>Chopin<\/td><td>No<\/td><\/tr><tr><td>Joanna Jia-Ying<\/td><td>Yu<\/td><td>Changes<\/td><td>Alexina Louie<\/td><td>Yes<\/td><\/tr><tr><td>Joshua<\/td><td>Wang<\/td><td>Black Earth<\/td><td>Fazil Say<\/td><td>No<\/td><\/tr><tr><td>Kaspar<\/td><td>Ni<\/td><td>Sonatina in G Major, op. 55, no. 2<\/td><td>Friedrich Kuhlau<\/td><td>No<\/td><\/tr><tr><td>Lucas<\/td><td>Yu<\/td><td>Sonetto 104 del Petrarca<\/td><td>Franz Liszt<\/td><td>No<\/td><\/tr><tr><td>Rachel<\/td><td>Wang<\/td><td>The Lark<\/td><td>Mikhail Ivannovich Glinka<\/td><td>No<\/td><\/tr><tr><td>Shawn<\/td><td>Wang<\/td><td>Squirrels at Play<\/td><td>Boris Berlin<\/td><td>Yes<\/td><\/tr><tr><td>Wenhan<\/td><td>Gao<\/td><td>Dumka Op.59<\/td><td>Pyotr Ilyich Tchaikovsky<\/td><td>No<\/td><\/tr><tr><td>Wing Tung Karina<\/td><td>Cheng<\/td><td>Nocturne in C# Minor Op. Posth B49<\/td><td>Chopin<\/td><td>No<\/td><\/tr><tr><td>Xiaochen\uff08Shawn\uff09<\/td><td>Chen<\/td><td>Variations on a Theme of Paganini<\/td><td>Isaak Berkovich<\/td><td>No<\/td><\/tr><tr><td>Zeling<\/td><td>Wu<\/td><td>Big Band Sounds<\/td><td>Nikolai Kapustin<\/td><td>No<\/td><\/tr><tr><td>Ziming<\/td><td>Wang<\/td><td>Concert Etude \uff08Gnomenreigen\uff09S.145<\/td><td>Franz Liszt<\/td><td>No<\/td><\/tr><\/tbody><\/table><\/figure>\n\n\n\n<h2 class=\"wp-block-heading has-text-color\" style=\"color:#b71c1c;font-size:31px\">October 7th, 1:00pm-3:00pm: Piano Junior Talents: Ages 8 and under<\/h2>\n\n\n\n<figure class=\"wp-block-table is-style-stripes\"><table><tbody><tr><td><strong>First Name<\/strong><\/td><td><strong>Last Name<\/strong><\/td><td><strong>Piece title<\/strong><\/td><td><strong>Composer<\/strong><\/td><td><strong>Canadian Composition<\/strong><\/td><\/tr><tr><td>Austin<\/td><td>Zhong<\/td><td>Little Fairy Waltz Op.105, No.1<\/td><td>Ludovic Streabbog<\/td><td>No<\/td><\/tr><tr><td>Ethan<\/td><td>Chi<\/td><td>Crocodile Teeth<\/td><td>Nancy Telfer<\/td><td>Yes<\/td><\/tr><tr><td>ISABELLA<\/td><td>RONG<\/td><td>Nocturne<\/td><td>Sophie-Carmen Eckhardt-Gramatte<\/td><td>Yes<\/td><\/tr><tr><td>Isabella<\/td><td>Nien<\/td><td>Fountain in the Rain<\/td><td>William Gillock<\/td><td>No<\/td><\/tr><tr><td>Jake<\/td><td>Sheng<\/td><td>Dance of the Tiger Cubs<\/td><td>Vincent Ho<\/td><td>Yes<\/td><\/tr><tr><td>Jiayu<\/td><td>Shen<\/td><td>Nocturne in C sharp minor<\/td><td>Fr\u00e9d\u00e9ric Chopin<\/td><td>No<\/td><\/tr><tr><td>Joshua<\/td><td>Cheung<\/td><td>Nocturne in E flat Major, op. 9, no. 2<\/td><td>Fr\u00e9d\u00e9ric Chopin<\/td><td>No<\/td><\/tr><tr><td>Olivia Yezi<\/td><td>Wang<\/td><td>Notturno Op.54 No.4<\/td><td>Grieg<\/td><td>No<\/td><\/tr><tr><td>Sharon<\/td><td>Chen<\/td><td>NUVOLE&nbsp; BIANCHE<\/td><td>LUDOVICO EINAUDI<\/td><td>No<\/td><\/tr><tr><td>Terrance<\/td><td>Yi<\/td><td>Pierrette(Air de Ballet),Op.41<\/td><td>Cecile Chaminade<\/td><td>No<\/td><\/tr><tr><td>Travis Genpeng<\/td><td>Li<\/td><td>Eight Memories In Watercolor<\/td><td>Tan Dun<\/td><td>No<\/td><\/tr><tr><td>Tyrion<\/td><td>Lam<\/td><td>December<\/td><td>Tchaikovsky<\/td><td>No<\/td><\/tr><\/tbody><\/table><\/figure>\n\n\n\n\n\n<h2 class=\"wp-block-heading has-text-color\" style=\"color:#b71c1c\">October 7th, 3:00pm-7:30pm: Piano Young Artists: Ages 13-17<\/h2>\n\n\n\n<figure class=\"wp-block-table is-style-stripes\"><table><tbody><tr><td><strong>First Name<\/strong><\/td><td><strong>Last Name<\/strong><\/td><td><strong>Piece title<\/strong><\/td><td><strong>Composer<\/strong><\/td><td><strong>Canadian Composition<\/strong><\/td><\/tr><tr><td>Ada (Xinchen)<\/td><td>Wu<\/td><td>Hungarian Rhapsody no.12<\/td><td>Liszt<\/td><td>No<\/td><\/tr><tr><td>Aisha<\/td><td>Hsu<\/td><td>Let Hands Speak<\/td><td>Kelly-Marie Murphy<\/td><td>Yes<\/td><\/tr><tr><td>Austin<\/td><td>Ng<\/td><td>Grande Polonaise Brilliante, Op. 22<\/td><td>Fr\u00e9d\u00e9ric Chopin<\/td><td>No<\/td><\/tr><tr><td>Brian<\/td><td>Sun<\/td><td>Rhapsody Op. 79 No. 1<\/td><td>Johannes Brahms<\/td><td>No<\/td><\/tr><tr><td>Caeden<\/td><td>Lau<\/td><td>Sonata No. 17&nbsp; \u201cTempest\u201d 1st Movement<\/td><td>L.v. Beethoven<\/td><td>No<\/td><\/tr><tr><td>Celicia<\/td><td>Thendean<\/td><td>Mephisto Waltz, No. 1 S. 514<\/td><td>Franz Liszt<\/td><td>No<\/td><\/tr><tr><td>Charlotte<\/td><td>Giraudeau<\/td><td>Two Romanian Dances, Op. 8a<\/td><td>Bela Bartok<\/td><td>No<\/td><\/tr><tr><td>David<\/td><td>Pan<\/td><td>Sonata No. 2 in G-Sharp Minor, Op. 19 \u201cSonata-Fantasy\u201d: I. Andante<\/td><td>A. Scriabin<\/td><td>No<\/td><\/tr><tr><td>Eric Yingzun<\/td><td>Chen<\/td><td>Tarantella Venezia e Napoli<\/td><td>Franz Liszt<\/td><td>No<\/td><\/tr><tr><td>Forest<\/td><td>Benson<\/td><td>Toccata op.7<\/td><td>Robert Schumann<\/td><td>No<\/td><\/tr><tr><td>Galip<\/td><td>Chen<\/td><td>I Leap Through The Sky With Stars<\/td><td>Alexina Louie<\/td><td>Yes<\/td><\/tr><tr><td>Iris<\/td><td>Zhu<\/td><td>Memories in an Ancient Garden<\/td><td>Alexina Louie<\/td><td>Yes<\/td><\/tr><tr><td>Jerry<\/td><td>Zheng<\/td><td>Scherzo in C# Minor, Op. 39<\/td><td>Chopin<\/td><td>No<\/td><\/tr><tr><td>Lincoln<\/td><td>St John<\/td><td>Etude Op.25, No.12<\/td><td>Frederic Chopin<\/td><td>No<\/td><\/tr><tr><td>Lukas<\/td><td>Kan<\/td><td>Polonaise in A flat major Op. 53 &#8220;Heroic&#8221;<\/td><td>Chopin<\/td><td>No<\/td><\/tr><tr><td>Matthew<\/td><td>Hahn<\/td><td>Sonata No.3 in B minor, Op.58, I. Allegro maestoso<\/td><td>Fr\u00e9d\u00e9ric Chopin<\/td><td>No<\/td><\/tr><tr><td>Matthew Sai Lun<\/td><td>Cheung<\/td><td>Grande Polonaise Brillante in E-flat Major, Op. 22<\/td><td>Fr\u00e9d\u00e9ric Chopin<\/td><td>No<\/td><\/tr><tr><td>Michelle<\/td><td>Cao<\/td><td>Barcarolle in F sharp major, Op. 60<\/td><td>F. Chopin<\/td><td>No<\/td><\/tr><tr><td>Owen Yisu<\/td><td>Wang<\/td><td>Ballade in G minor, op. 23<\/td><td>F. Chopin<\/td><td>No<\/td><\/tr><tr><td>Paul<\/td><td>Wang<\/td><td>Hungarian Rhapsody No. 12 in C-sharp minor<\/td><td>Franz Liszt<\/td><td>No<\/td><\/tr><tr><td>Ryan<\/td><td>Chung<\/td><td>Transcendental \u00c9tude No. 4 &#8220;Mazeppa&#8221;<\/td><td>Franz Liszt<\/td><td>No<\/td><\/tr><tr><td>Yuma<\/td><td>Kano<\/td><td>Piano Sonata No.23, Op.57 in F minor, Movement 1<\/td><td>Ludwig Van Beethoven<\/td><td>No<\/td><\/tr><\/tbody><\/table><\/figure>\n\n\n\n\n\n<h2 class=\"wp-block-heading has-text-color\" style=\"color:#b71c1c\">October 8th, 9:00am-1:30pm: Piano Artists: Ages 18-35<\/h2>\n\n\n\n<figure class=\"wp-block-table is-style-stripes\"><table><tbody><tr><td><strong>First Name<\/strong><\/td><td><strong>Last Name<\/strong><\/td><td><strong>Piece title<\/strong><\/td><td><strong>Composer<\/strong><\/td><td><strong>Canadian Composition<\/strong><\/td><\/tr><tr><td>Dakota<\/td><td>Perez<\/td><td>Piano Sonata No. 23 in F Minor, op. 57, \u201cAppassionata\u201d (III. Allegro ma non troppo &#8211; Presto)<\/td><td>Ludwig van Beethoven<\/td><td>No<\/td><\/tr><tr><td>Dezheng<\/td><td>Kong<\/td><td>1.X.1905: -P\u0159edtucha (Presentiment) -Smrt (Death)<\/td><td>L. Jan\u00e1\u010dek<\/td><td>No<\/td><\/tr><tr><td>Elly<\/td><td>Hung<\/td><td>Ballade No. 4 in F minor, Op. 52<\/td><td>F. Chopin<\/td><td>No<\/td><\/tr><tr><td>Fergus<\/td><td>Kwan<\/td><td>Piano: Soleil<\/td><td>Denis Gougeon<\/td><td>Yes<\/td><\/tr><tr><td>Gabriel<\/td><td>Landstedt<\/td><td>Variations on a Theme of Paganini, Op. 35, Book 1<\/td><td>Johannes Brahms<\/td><td>No<\/td><\/tr><tr><td>Hamilton<\/td><td>Lau<\/td><td>Piano Sonata No. 31 in A-flat Major, Op. 110, 3rd mvt<\/td><td>Ludwig van Beethoven<\/td><td>No<\/td><\/tr><tr><td>Hanwen<\/td><td>Shi<\/td><td>Chopin Scherzo in E Major, Op.54<\/td><td>Chopin<\/td><td>No<\/td><\/tr><tr><td>Haocheng<\/td><td>Gong<\/td><td>Polonaise Op.40 No.2 in c minor<\/td><td>Fr\u00e9d\u00e9ric Chopin<\/td><td>No<\/td><\/tr><tr><td>Huahai (Howard)<\/td><td>Yan<\/td><td>Sonata No. 2 in B flat minor Op. 35 1st Movement<\/td><td>Fryderyk Chopin<\/td><td>No<\/td><\/tr><tr><td>Jian<\/td><td>Horrian<\/td><td>Ballade No. 3 in A-flat Major, Op. 47<\/td><td>Fr\u00e9d\u00e9ric Chopin<\/td><td>No<\/td><\/tr><tr><td>Jingzi (Linda)<\/td><td>Ruan<\/td><td>Images, Livre 1: I, III<\/td><td>Claude Debussy<\/td><td>No<\/td><\/tr><tr><td>Martin<\/td><td>Kesuma<\/td><td>Fantasia Baetica<\/td><td>Manuel De Falla<\/td><td>No<\/td><\/tr><tr><td>Melody Yuen Ting<\/td><td>Sham<\/td><td>Vingt Regards sur l&#8217;enfant-J\u00e9sus (4. Regard de la Vierge, 13. No\u00ebl)&nbsp;<\/td><td>Olivier Messiaen<\/td><td>No<\/td><\/tr><tr><td>Rajat<\/td><td>Chowdhury<\/td><td>Sonata in B-flat minor No. 2 op. 36, ii. Non Allego-Lento attacca iii. Allegro Motlo<\/td><td>Sergei V. Rachmaninoff<\/td><td>No<\/td><\/tr><tr><td>Sam<\/td><td>Zefreh<\/td><td>Variations s\u00e9rieuses, Op. 54<\/td><td>Felix Mendelssohn Bartholdy<\/td><td>No<\/td><\/tr><tr><td>Sumi<\/td><td>Kim<\/td><td>La Valse<\/td><td>M. Ravel<\/td><td>No<\/td><\/tr><tr><td>Vivian<\/td><td>Kwok<\/td><td>English Suite No.2 in A minor, BWV 807 (Prelude, Sarabande, Gigue)<\/td><td>Johann Sebastian Bach<\/td><td>No<\/td><\/tr><tr><td>William<\/td><td>Chiang<\/td><td>Piano Sonata #32 in C Minor, Op. 111, I. Maestoso-Allegro con brio ed appassionato<\/td><td>Ludwig van Beethoven<\/td><td>No<\/td><\/tr><tr><td>Zabrina<\/td><td>Ng<\/td><td>Barcarolle in F-sharp major, Op.60<\/td><td>Frederic Chopin<\/td><td>No<\/td><\/tr><tr><td>Zhongsan<\/td><td>Yang<\/td><td>Polonaise Fantasy op.61<\/td><td>Chopin<\/td><td>No<\/td><\/tr><tr><td>Zixu<\/td><td>Qin<\/td><td>Fantasie in C op. 17 \u2014 first mvt<\/td><td>Robert Schumann<\/td><td>No<\/td><\/tr><\/tbody><\/table><\/figure>\n\n\n\n\n\n\n\n<h1 class=\"wp-block-heading has-text-color\" style=\"color:#b71c1c\">Strings: Oct 7th &amp; 8th, Venue Old Auditorium, UBC<\/h1>\n\n\n\n<p><\/p>\n\n\n\n\n\n<h2 class=\"wp-block-heading has-text-color\" style=\"color:#b71c1c\">October 7th, 9:00am-9:30pm: Strings Junior Talents: Ages 8 and under<\/h2>\n\n\n\n<figure class=\"wp-block-table is-style-stripes\"><table><tbody><tr><td><strong>First Name<\/strong><\/td><td><strong>Last Name<\/strong><\/td><td><strong>&nbsp;<\/strong><\/td><td><strong>Piece title<\/strong><\/td><td><strong>Composer<\/strong><\/td><td><strong>Canadian Composition<\/strong><\/td><td><strong>Final round 2nd piece title<\/strong><\/td><td><strong>Final round 2nd piece composer<\/strong><\/td><td><strong>Canadian Composition <\/strong><\/td><\/tr><tr><td>Leah<\/td><td>Tan<\/td><td>\u7ad6\u7434\u66f2\u76ee<\/td><td>Little Fountain<\/td><td>Samuel Pratt<\/td><td>No<\/td><td>The Downstairs Spider<\/td><td>Elizabeth Volpe Bligh<\/td><td>Yes<\/td><\/tr><tr><td>Renee<\/td><td>Zhao<\/td><td>\u7ad6\u7434\u66f2\u76ee<\/td><td>Ground in F Variations<\/td><td>Henry Purcell<\/td><td>No<\/td><td>Downstairs Spider<\/td><td>Elizabeth Volpe Bligh<\/td><td>Yes<\/td><\/tr><tr><td>Sophie Florence<\/td><td>Deng<\/td><td>\u5c0f\u63d0\u7434\u66f2\u76ee<\/td><td>Polish Dance<\/td><td>Edmund Severn<\/td><td>No<\/td><td>&nbsp;<\/td><td>&nbsp;<\/td><td>&nbsp;<\/td><\/tr><tr><td>Yuhan<\/td><td>Lin<\/td><td>\u5c0f\u63d0\u7434\u66f2\u76ee<\/td><td>4 Pieces for Violin and Piano, Op.17 (No. 2 Appassionato)<\/td><td>Josef Suk<\/td><td>No<\/td><td>&nbsp;<\/td><td>&nbsp;<\/td><td>&nbsp;<\/td><\/tr><tr><td>Yujing<\/td><td>Lin<\/td><td>\u5c0f\u63d0\u7434\u66f2\u76ee<\/td><td>Hungarian Dance No. 2 in D minor&nbsp;<\/td><td>Johannes Brahms<\/td><td>No<\/td><td>&nbsp;<\/td><td>&nbsp;<\/td><td>&nbsp;<\/td><\/tr><\/tbody><\/table><\/figure>\n\n\n\n\n\n<h2 class=\"wp-block-heading has-text-color\" style=\"color:#b71c1c\">October 7th, 9:30am-11:00pm: Strings Young Talents: Ages 9-12<\/h2>\n\n\n\n<figure class=\"wp-block-table is-style-stripes\"><table><tbody><tr><td><strong>First Name<\/strong><\/td><td><strong>Last Name<\/strong><\/td><td><strong>Instrument<\/strong><\/td><td><strong>Piece title<\/strong><\/td><td><strong>Composer<\/strong><\/td><td><strong>Canadian Composition<\/strong><\/td><td><strong>Final round 2nd piece title<\/strong><\/td><td><strong>Final round 2nd piece composer<\/strong><\/td><td><strong>Canadian Composition <\/strong><\/td><\/tr><tr><td>Andrew<\/td><td>Shen<\/td><td>\u5c0f\u63d0\u7434\u66f2\u76ee<\/td><td>Praeludium and Allegro<\/td><td>Fritz Kreisler<\/td><td>No<\/td><td>&nbsp;<\/td><td>&nbsp;<\/td><td>&nbsp;<\/td><\/tr><tr><td>Calliope<\/td><td>Smith<\/td><td>\u5c0f\u63d0\u7434\u66f2\u76ee<\/td><td>The Bee<\/td><td>Francois Schubert<\/td><td>No<\/td><td>Rondo in B flat Major<\/td><td>Wolfgang Amadeus Mozart<\/td><td>No<\/td><\/tr><tr><td>Catherine Xuanyi<\/td><td>Huo<\/td><td>\u5409\u4ed6\u66f2\u76ee<\/td><td>Sonata No.3&nbsp;&nbsp; BWV 1005&nbsp;&nbsp; Largo and&nbsp; Allegro assai<\/td><td>Johann Sebastian Bach<\/td><td>No<\/td><td>&nbsp;<\/td><td>&nbsp;<\/td><td>&nbsp;<\/td><\/tr><tr><td>Charisma Kate<\/td><td>Chow<\/td><td>\u7ad6\u7434\u66f2\u76ee<\/td><td>\u00c8tude De Concert pour Harpe Au Martin<\/td><td>Marcel Tournier<\/td><td>No<\/td><td>Girl in the Red Skirt<\/td><td>Lori Pappajohn<\/td><td>Yes<\/td><\/tr><tr><td>Charles Jiseop<\/td><td>Lim<\/td><td>\u5927\u63d0\u7434\u66f2\u76ee<\/td><td>Lalo Cello Concerto in D minor, Introduction. Andante \u2014 Allegro vivace, 3rd Mov.<\/td><td>\u00c9douard Lalo<\/td><td>No<\/td><td>&nbsp;<\/td><td>&nbsp;<\/td><td>&nbsp;<\/td><\/tr><tr><td>Kaitlin Janelle<\/td><td>Hui<\/td><td>\u7ad6\u7434\u66f2\u76ee<\/td><td>Sonate en Do (Sonata in C)<\/td><td>D. Scarlatti<\/td><td>No<\/td><td>The Cariboo Wagon Road<\/td><td>Sharlene Wallace<\/td><td>Yes<\/td><\/tr><tr><td>Kaylyn<\/td><td>Lo<\/td><td>\u7ad6\u7434\u66f2\u76ee<\/td><td>Sonata for Harp<\/td><td>Gioacchino Rossini<\/td><td>No<\/td><td>Girl in the Red Skirt<\/td><td>Lori Pappajohn<\/td><td>Yes<\/td><\/tr><tr><td>Lin<\/td><td>Tokura<\/td><td>\u5c0f\u63d0\u7434\u66f2\u76ee<\/td><td>Etude-Caprice Op.18&nbsp; No.4<\/td><td>Henryk Wieniawski<\/td><td>No<\/td><td>La Campanella<\/td><td>Niccol\u00f2 Paganini \/ Arranged by Fritz Kreisler<\/td><td>No<\/td><\/tr><tr><td>Nana<\/td><td>Iwanaga<\/td><td>\u5c0f\u63d0\u7434\u66f2\u76ee<\/td><td>Concerto in A Minor<\/td><td>Jean Batiste Accolay<\/td><td>No<\/td><td>&nbsp;<\/td><td>&nbsp;<\/td><td>&nbsp;<\/td><\/tr><tr><td>Sacha<\/td><td>Jorba &#8211; Wu<\/td><td>\u5c0f\u63d0\u7434\u66f2\u76ee<\/td><td>Zigeunerweisen<\/td><td>Pablo de Sarasate<\/td><td>No<\/td><td>&nbsp;<\/td><td>&nbsp;<\/td><td>&nbsp;<\/td><\/tr><tr><td>Stanley<\/td><td>Li<\/td><td>\u5c0f\u63d0\u7434\u66f2\u76ee<\/td><td>Violin concerto No.1 in G Minor, Op.26 1st Mvt<\/td><td>Max Bruch<\/td><td>No<\/td><td>&nbsp;<\/td><td>&nbsp;<\/td><td>&nbsp;<\/td><\/tr><\/tbody><\/table><\/figure>\n\n\n\n<div class=\"wp-block-columns is-layout-flex wp-container-core-columns-is-layout-9d6595d7 wp-block-columns-is-layout-flex\"><\/div>\n\n\n\n\n\n<h2 class=\"wp-block-heading has-text-color\" style=\"color:#b71c1c\">October 7th, 11:00am-1:00pm: Strings Young Artists: Ages 13-17<\/h2>\n\n\n\n<figure class=\"wp-block-table is-style-stripes\"><table><tbody><tr><td><strong>First Name<\/strong><\/td><td><strong>Last Name<\/strong><\/td><td><strong>Piece title<\/strong><\/td><td><strong>Composer<\/strong><\/td><td><strong>Canadian Composition<\/strong><\/td><td><strong>2nd piece title<\/strong><\/td><td><strong>2nd piece composer<\/strong><\/td><td><strong>Canadian Composition<\/strong><\/td><\/tr><tr><td>Abigail<\/td><td>Zhang<\/td><td>Lalo: Symphonie espagnole, Op. 21<\/td><td>&nbsp;\u00c9douard Lalo<\/td><td>No<\/td><td>&nbsp;<\/td><td>&nbsp;<\/td><td>&nbsp;<\/td><\/tr><tr><td>Angel (Yang)<\/td><td>Gao<\/td><td>Theme and Variations<\/td><td>Joseph Haydn<\/td><td>No<\/td><td>Nocturne<\/td><td>Alan Hovhaness<\/td><td>No<\/td><\/tr><tr><td>Charles<\/td><td>Lee<\/td><td>Shostakovich Cello Concerto No. 1 in E-Flat Major, Op. 107: I. Allegretto<\/td><td>Dmitri Shostakovich<\/td><td>No<\/td><td>&nbsp;<\/td><td>&nbsp;<\/td><td>&nbsp;<\/td><\/tr><tr><td>Claire<\/td><td>Mindell<\/td><td>Variations on One String on a Theme by Rossini<\/td><td>Niccol\u00f2 Paganini<\/td><td>No<\/td><td>&nbsp;<\/td><td>&nbsp;<\/td><td>&nbsp;<\/td><\/tr><tr><td>Hilary<\/td><td>Chan<\/td><td>Tzigane<\/td><td>Ravel<\/td><td>No<\/td><td>&nbsp;<\/td><td>&nbsp;<\/td><td>&nbsp;<\/td><\/tr><tr><td>Isla<\/td><td>McCardell<\/td><td>Sonata in c minor for harp<\/td><td>Giovanni Battista Pescetti (Salzedo)<\/td><td>No<\/td><td>Chanson dans la Nuit<\/td><td>Carlos Salzedo<\/td><td>No<\/td><\/tr><tr><td>Jae<\/td><td>Park<\/td><td>Tzigane<\/td><td>Ravel<\/td><td>No<\/td><td>&nbsp;<\/td><td>&nbsp;<\/td><td>&nbsp;<\/td><\/tr><tr><td>Junyi<\/td><td>Wang<\/td><td>Introduction and Rondo Capriccioso Op. 28<\/td><td>Camille Saint-Sa\u00ebns<\/td><td>No<\/td><td>&nbsp;<\/td><td>&nbsp;<\/td><td>&nbsp;<\/td><\/tr><tr><td>Liesl<\/td><td>Taylor<\/td><td>Fall in Vancouver<\/td><td>Elizabeth Volpe Bligh<\/td><td>Yes<\/td><td>Sonata in C<\/td><td>S. G. Dussek<\/td><td>No<\/td><\/tr><tr><td>Merett Ahdy<\/td><td>Khamis<\/td><td>Sonata No. 2 in A Minor, BWV 1003, 1st Mvt. Grave<\/td><td>Bach, Johann Sebastian<\/td><td>No<\/td><td>Introduction and Tarantelle, Op. 43<\/td><td>Sarasate, Pablo de<\/td><td>No<\/td><\/tr><\/tbody><\/table><\/figure>\n\n\n\n\n\n<h2 class=\"wp-block-heading has-text-color\" style=\"color:#b71c1c\">October 7th, 1:30pm-3:00pm: Strings Artists: Ages 18-35<\/h2>\n\n\n\n<figure class=\"wp-block-table is-style-stripes\"><table><tbody><tr><td><strong>First Name<\/strong><\/td><td><strong>Last Name<\/strong><\/td><td><strong>Piece title<\/strong><\/td><td><strong>Composer<\/strong><\/td><td><strong>Canadian Composition<\/strong><\/td><\/tr><tr><td>Aireleen (Tiancheng)<\/td><td>Zhu<\/td><td>Cello Concerto in a minor, op.129, 1st mvt<\/td><td>Robert Schumann<\/td><td>No<\/td><\/tr><tr><td>Bingxin Jillian<\/td><td>Yang<\/td><td>Violin Concerto in D major, Allegro giocoso, ma non troppo vivace<\/td><td>Johannes Brahms<\/td><td>No<\/td><\/tr><tr><td>Emma-Jaeyeong<\/td><td>Cho<\/td><td>Sonate pour Harpe<\/td><td>Pierick Houdy<\/td><td>Yes<\/td><\/tr><tr><td>Hyeonbeen<\/td><td>Ha<\/td><td>Walton Viola Concerto in A minor &#8211; 1st movement<\/td><td>William Walton<\/td><td>No<\/td><\/tr><tr><td>Karen<\/td><td>Fu<\/td><td>Violin Concerto in D Major, Op. 61, 3rd movement<\/td><td>Ludwig van Beethoven<\/td><td>No<\/td><\/tr><tr><td>Morning<\/td><td>Huang<\/td><td>Violin Concerto no.5 KV219 mov. I<\/td><td>W.A. Mozart<\/td><td>No<\/td><\/tr><\/tbody><\/table><\/figure>\n\n\n\n\n\n<h1 class=\"wp-block-heading has-text-color\" style=\"color:#b71c1c\">Voice: Oct 7th &amp; 8th, Venue Old Auditorium, UBC<\/h1>\n\n\n\n<p><\/p>\n\n\n\n<h2 class=\"wp-block-heading has-text-color\" style=\"color:#b71c1c\">October 7th, 3:00pm-4:00pm: Voice Young Talents: Ages 9-12<\/h2>\n\n\n\n<figure class=\"wp-block-table is-style-stripes\"><table><tbody><tr><td><strong>First Name<\/strong><\/td><td><strong>Last Name<\/strong><\/td><td><strong>Piece title<\/strong><\/td><td><strong>Composer<\/strong><\/td><td><strong>Canadian Composition<\/strong><\/td><td><strong>Final round 2nd piece title<\/strong><\/td><td><strong>Final round 2nd piece composer<\/strong><\/td><td><strong>Canadian Composition <\/strong><\/td><\/tr><tr><td>Cathy<\/td><td>Xu<\/td><td>Lachen und Weinen<\/td><td>Franz Schubert<\/td><td>No<\/td><td>Bel Piacere<\/td><td>George Frederic Handel<\/td><td>No<\/td><\/tr><tr><td>Ella<\/td><td>Chan<\/td><td>Plaisir d\u2019amour<\/td><td>Jean Paul Martini<\/td><td>No<\/td><td>Rubia<\/td><td>CAI JINHAN, CUI WEI, GONG QI, LI JINGHAO, WEN CHI and ZHENG YUJIE<\/td><td>&nbsp;<\/td><\/tr><tr><td>Hannah<\/td><td>Liu<\/td><td>Nel cor piu&#8217; non mi sento<\/td><td>G. Paisiello<\/td><td>No<\/td><td>Vaga Luna<\/td><td>Vincenzo Bellini<\/td><td>No<\/td><\/tr><tr><td>Julie<\/td><td>Zhang<\/td><td>Ave Maria<\/td><td>Franz Schubert<\/td><td>No<\/td><td>Me voglio f\u00e0 \u2018 na casa<\/td><td>&nbsp;Gaetano Donizetti<\/td><td>No<\/td><\/tr><tr><td>Liuchina<\/td><td>Huang<\/td><td>O Mio Babbino Caro<\/td><td>Giacomo Puccini<\/td><td>No<\/td><td>Never Enough<\/td><td>Benj Pasek and Justin Paul<\/td><td>No<\/td><\/tr><tr><td>Natalie<\/td><td>Kuo<\/td><td>Lascia ch&#8217;io pianga<\/td><td>George Frideric Handel<\/td><td>No<\/td><td>O mio babbino caro<\/td><td>Giacomo Puccini and Giovacchino Forzano<\/td><td>No<\/td><\/tr><\/tbody><\/table><\/figure>\n\n\n\n<h2 class=\"wp-block-heading has-text-color\" style=\"color:#b71c1c\">October 7th, 4:00pm-4:30pm: Voice Young Artists: Ages 13-17<\/h2>\n\n\n\n<figure class=\"wp-block-table is-style-stripes\"><table><tbody><tr><td><strong>First Name<\/strong><\/td><td><strong>Last Name<\/strong><\/td><td><strong>Piece title<\/strong><\/td><td><strong>Composer<\/strong><\/td><td><strong>Canadian Composition<\/strong><\/td><td><strong>Final round 2nd piece title<\/strong><\/td><td><strong>Final round 2nd piece composer<\/strong><\/td><td><strong>Canadian Composition <\/strong><\/td><\/tr><tr><td>Annie<\/td><td>Li<\/td><td>Shenandoah<\/td><td>Traditional American Folk Song<\/td><td>No<\/td><td>Vocalise in D Minor<\/td><td>Luigi Bord\u00e8se<\/td><td>No<\/td><\/tr><tr><td>JIWON<\/td><td>KIM<\/td><td>Das Veilchen.<\/td><td>W. A. Mozart<\/td><td>No<\/td><td>La Pastorella delle Alpi<\/td><td>Gioacchino Antonio Rosinni<\/td><td>No<\/td><\/tr><tr><td>Ting<\/td><td>Wang<\/td><td>Le Colibri<\/td><td>Ernest Chausson<\/td><td>No<\/td><td>Stizzoso mio, stizzoso<\/td><td>Giovanni Battista Pergolesi<\/td><td>No<\/td><\/tr><\/tbody><\/table><\/figure>\n\n\n\n<h2 class=\"wp-block-heading has-text-color\" style=\"color:#b71c1c\">October 7th, 4:30pm-5:30pm: Voice Artists: Ages 18-35<\/h2>\n\n\n\n<figure class=\"wp-block-table is-style-stripes\"><table><tbody><tr><td><strong>First Name<\/strong><\/td><td><strong>Last Name<\/strong><\/td><td><strong>Piece title<\/strong><\/td><td><strong>Composer<\/strong><\/td><td><strong>Canadian Composition<\/strong><\/td><td><strong>Final round 2nd piece title<\/strong><\/td><td><strong>Final round 2nd piece composer<\/strong><\/td><td><strong>Canadian Composition<\/strong><\/td><\/tr><tr><td>Brenden<\/td><td>Lengsfeld<\/td><td>La Chevelure<\/td><td>Claude Debussy<\/td><td>No<\/td><td>A Route to the Sky<\/td><td>Jake Heggie<\/td><td>No<\/td><\/tr><tr><td>Emily<\/td><td>Rocha<\/td><td>Regnava nel silenzio (Lucia di Lammermoor)<\/td><td>Donizetti<\/td><td>No<\/td><td>Evening Star<\/td><td>Larysa Kuzmenko<\/td><td>Yes<\/td><\/tr><tr><td>Emma<\/td><td>Petersen<\/td><td>Amor<\/td><td>Richard Strauss<\/td><td>No<\/td><td>Ah! Je Veux Vivre<\/td><td>Charles Gounod<\/td><td>No<\/td><\/tr><tr><td>Nicholas<\/td><td>Burns<\/td><td>Stille amare (Tolomeo)<\/td><td>GF Handel<\/td><td>No<\/td><td>Their Land Brought Forth Frogs (Israel in Egypt)<\/td><td>GF Handel<\/td><td>No<\/td><\/tr><tr><td>Yat Shun Esther<\/td><td>Wu<\/td><td>Die Forelle<\/td><td>Schubart<\/td><td>No<\/td><td>Fish in the unruffled lakes<\/td><td>Benjamin Britten<\/td><td>No<\/td><\/tr><\/tbody><\/table><\/figure>","protected":false},"excerpt":{"rendered":"<p>2023 VIMC Final Round (In the alphabetical order of the first name) Piano: Oct 7th &amp; 8th, Venue Roy Barnett Hall, UBC October 7th, 9:00am-12:30pm: Piano \/ Young Talents (Age&hellip;<\/p>","protected":false},"author":1,"featured_media":0,"parent":0,"menu_order":0,"comment_status":"closed","ping_status":"closed","template":"","meta":{"footnotes":""},"class_list":["post-4298","page","type-page","status-publish","hentry"],"jetpack_sharing_enabled":true,"_links":{"self":[{"href":"https:\/\/vancouvercompetition.com\/zh\/wp-json\/wp\/v2\/pages\/4298","targetHints":{"allow":["GET"]}}],"collection":[{"href":"https:\/\/vancouvercompetition.com\/zh\/wp-json\/wp\/v2\/pages"}],"about":[{"href":"https:\/\/vancouvercompetition.com\/zh\/wp-json\/wp\/v2\/types\/page"}],"author":[{"embeddable":true,"href":"https:\/\/vancouvercompetition.com\/zh\/wp-json\/wp\/v2\/users\/1"}],"replies":[{"embeddable":true,"href":"https:\/\/vancouvercompetition.com\/zh\/wp-json\/wp\/v2\/comments?post=4298"}],"version-history":[{"count":5,"href":"https:\/\/vancouvercompetition.com\/zh\/wp-json\/wp\/v2\/pages\/4298\/revisions"}],"predecessor-version":[{"id":4309,"href":"https:\/\/vancouvercompetition.com\/zh\/wp-json\/wp\/v2\/pages\/4298\/revisions\/4309"}],"wp:attachment":[{"href":"https:\/\/vancouvercompetition.com\/zh\/wp-json\/wp\/v2\/media?parent=4298"}],"curies":[{"name":"wp","href":"https:\/\/api.w.org\/{rel}","templated":true}]}}