{"id":4724,"date":"2024-04-11T21:50:44","date_gmt":"2024-04-11T21:50:44","guid":{"rendered":"https:\/\/vancouvercompetition.com\/?page_id=4724"},"modified":"2024-08-23T06:59:17","modified_gmt":"2024-08-23T06:59:17","slug":"festival-schedule","status":"publish","type":"page","link":"https:\/\/vancouvercompetition.com\/zh\/festival-schedule\/","title":{"rendered":"2024 VIMF \u8282\u76ee\u8868"},"content":{"rendered":"\n<figure class=\"wp-block-table\"><table class=\"has-fixed-layout\"><tbody><tr><td colspan=\"5\"><a>2024 Vancouver International Music Festival Program<\/a> <br>(please refer to the <a href=\"http:\/\/vancouvercompetition.com\/wp-content\/uploads\/2024\/08\/2024-VIMF-Schedule.pdf\">students performance and masterclass program<\/a> for detailed schedule)<\/td><\/tr><tr><td><strong>Date<\/strong><\/td><td><strong>Morning (9am-12pm)<\/strong><\/td><td><strong>Afternoon (12pm-5pm)<\/strong><\/td><td><strong>Afternoon (5:30pm-6:30pm)<\/strong><\/td><td><strong>Evening (7:30pm-8:30pm)<\/strong><\/td><\/tr><tr><td>2024-08-20 Tue<\/td><td>Piano Student Performance<\/td><td>Piano Masterclass<\/td><td>Flute Recital (Christie Reside, accompanied by Bogdan Dulu)&nbsp;1.&nbsp;Sonata in A Minor for Solo Flute&nbsp;by&nbsp;CPE Bach<br>2. I Conversed with You In A Dream&nbsp;by&nbsp;Jocelyn Morlock<br>3. Three Preludes for Unaccompanied Flute&nbsp;byRobert Muczynski<br>4. Sonatine&nbsp;by&nbsp;Henri Dutilleux<\/td><td>Cello Recital (Eric Wilson,&nbsp;&nbsp;accompanied by Bogdan Dulu)&nbsp;&nbsp;&nbsp;1. Sonata for Cello and Piano, Opus 6&nbsp;By&nbsp;Samuel Barber<br>2. Sonata for Violoncello and Piano, Opus 4&nbsp;By&nbsp;Zolt\u00e1n Kod\u00e1ly&nbsp;&nbsp;&nbsp;&nbsp;&nbsp;&nbsp;&nbsp;&nbsp;&nbsp;&nbsp;&nbsp;<\/td><\/tr><tr><td>2024-08-21 Wed<\/td><td>Violin &amp; Chamber Student Performance &amp; Masterclass<\/td><td>Violin &amp; Flute Student Performance &amp; Masterclass<\/td><td>Guzheng Recital &amp; Workshop (Dailin Hsieh)&nbsp;&nbsp;1. Liu Yang River, composed&nbsp;by&nbsp;Bi-Guang Tang<br>&nbsp;-\u700f\u967d\u6cb3, \u5510\u74a7\u5149\u4f5c\u66f2&nbsp;<br>&nbsp;2. High Mountain and Flowing River, traditional Zhe Jiang music&nbsp;<br>-\u9ad8\u5c71\u6d41\u6c34,\u6d59\u6c5f\u7b8f\u66f2&nbsp;<br>3. High Mountain and Flowing River, traditional Shan Dong music<br>&nbsp;-\u9ad8\u5c71\u6d41\u6c34,\u5c71\u6771\u7b8f\u66f2&nbsp;<br>4. Red Flowers All Over the Mountain, Shan Bei folk song, arranged by Jin-Hai Jiao&nbsp;<br>&nbsp;-\u5c71\u4e39\u4e39\u958b\u82b1\u7d05\u8c54\u8c54, \u965d\u5317\u6c11\u6b4c, \u7126\u91d1\u6d77\u6539\u7de8&nbsp;<br>&nbsp;5. Jackdaws Play in Water, Traditional Chau Zhou music<br>&nbsp;-\u5bd2\u9d09\u6232\u6c34,\u6f6e\u5dde\u7b8f\u66f2&nbsp;<br>&nbsp;6. Fighting the Typhoon&nbsp;by&nbsp;Chang-Yuan Wang&nbsp;<br>-\u6230\u98b1\u98a8, \u738b\u660c\u5143\u4f5c\u66f2&nbsp;<br>7. Improvisation&nbsp;<br>&nbsp;-\u5373\u8208<\/td><td>Piano Recital (David Fung)&nbsp;&nbsp;&nbsp;&nbsp;&nbsp;&nbsp;1. Vall\u00e9e d\u2019Obermann from Ann\u00e9es de P\u00e8lerinage (Suisse), S. 160, No. 6 by Franz Liszt<br><br>2. Fantasy in C Major, Op. 15 &#8220;Wanderer&#8221;<br>Allegro con fuoco<br>Adagio<br>Presto<br>Allegro ma non troppo&nbsp;&nbsp;By&nbsp;Franz Schubert&nbsp;<\/td><\/tr><tr><td>2024-08-22 Thu<\/td><td>Cello Student Performance <\/td><td>Cello &amp; Piano Masterclass<\/td><td>Erhu &amp; Guzheng Recital &amp; Workshop (Jun Rong &amp; Dailin Hsieh).&nbsp;&nbsp;1, Flickering Candle Lights&nbsp;by&nbsp;Liu Tianhua&nbsp;&nbsp;\u70db\u5f71\u6447\u7ea2&nbsp;&nbsp;\u4f5c\u66f2 \u5218\u5929\u534e<br>2, The Moon&#8217;s Reflection on the Second Spring&nbsp;&nbsp;(Composed by Hua Yanjun) \u4e8c\u6cc9\u6620\u6708&nbsp;&nbsp;\u4f5c\u66f2 \u534e\u5f66\u94a7<br>3,&nbsp;&nbsp;Birds Singing in a Desolated Mountain&nbsp;&nbsp;(Composed by Liu Tianhua)&nbsp;&nbsp;\u7a7a\u5c71\u9e1f\u8bed&nbsp;&nbsp;\u4f5c\u66f2 \u5218\u5929\u534e<br>4,&nbsp;&nbsp;Listening&nbsp;&nbsp;to the pines&nbsp;&nbsp;( Composed by Hua Yanjun) \u542c\u677e&nbsp;&nbsp;\u4f5c\u66f2 \u534e\u5f66\u94a7<br>5, A Beautiful Evening&nbsp;&nbsp;&nbsp;(Composed by Liu Tianhua) ( ErHu and GuZheng Duet)&nbsp;&nbsp;\u826f\u5bb5&nbsp;&nbsp;&nbsp;\u4f5c\u66f2 \u5218\u5929\u534e \uff08\u4e8c\u80e1 \u53e4\u7b5d \u91cd\u594f\uff09<br>6, Songs of Fishing Boats at Dusk ( ErHu and GuZheng Duet) Arranged by Cao Zheng and Zhu Yuzhi&nbsp;&nbsp;\u6e14\u821f\u5531\u665a&nbsp;&nbsp;\u7f16\u66f2 \u66f9\u6b63\uff0c\u6731\u90c1\u4e4b&nbsp;&nbsp;(\u9ad8\u80e1 \u53e4\u7b5d \u91cd\u594f\uff09<\/td><td>Violin (Jasper Wood, accompanied by Bogdan Dulu)&nbsp;1. Sonatina, op. 100 (complete)&nbsp;by&nbsp;Anton\u00edn Dvo\u0159\u00e1k<br>2. Nigun&nbsp;by&nbsp;Ernest Bloch<br>3. Sonata No 1 for solo violin (Fugato and Finale)&nbsp;byEug\u00e8ne Ysa\u00ffe<br>4. Fantasiest\u00fccke&nbsp;by&nbsp;Robert Schumann<\/td><\/tr><tr><td>2024-08-23 Fri<\/td><td>Piano Student Performance<\/td><td>Piano Masterclass<\/td><td>African Duo Zhambai&nbsp;(The Zhambai Duo will take you on a rhythmic journey through the traditional and contemporary sounds of Zimbabwe\u2019s Shona people, centered around the ancient mbira (thumb piano). The mbira, an ancient lamellaphone, has been used for spiritual purposes in Zimbabwe for centuries, if not more than 1000 years. Its sound is reminiscent of water dropping, spirits talking, ancestors singing, and blood pumping.)<\/td><td>Harp Recital <br><strong>Kaori Otake<\/strong><br>J.S. Bach &#8211; Toccata &amp; Fugue in D minor BWV 565Domenico Scarlatti &#8211; Sonata in F minor K466 L118 arr. McDonald\/WoodAmi Maayani &#8211; Toccata for Harp SoloElias Parish-Alvars &#8211; Introduction et Variations sur des Airs de \u201cLa Norma\u201d de Bellini pour Harpe<br><strong>Miya Otake<\/strong><br><span lang=\"EN-US\"><\/span>First Arabesque &#8211; C. DebussyImpromptu &#8211; GliereNightingale &#8211; Deborah Henson-ConantGirl in the Red Skirt &#8211; Lori Pappajohn<br><strong>SANAE<\/strong><br>Pop &amp; Jazz Improvisation:Hymns a L\u2019Amore &#8211; M. Monnot\u00a0\u00a0etc\u2026.<p class=\"MsoNormal\" align=\"center\" style=\"margin: 0cm; font-size: medium; font-family: Aptos, sans-serif; caret-color: rgb(0, 0, 0); color: rgb(0, 0, 0); white-space: normal; text-align: center;\"><span lang=\"EN-US\" style=\"font-family: &quot;Times New Roman&quot;, serif;\"><\/span><\/p><\/td><\/tr><tr><td>2024-08-24 Sat<\/td><td>Piano Masterclass <br><\/td><td>Harp Student Performance  &amp; Masterclass<br><\/td><td>Indigenous Artist Pan Flute Recital &amp; Workshop (Edger Muenala)&nbsp;1. The sad man<br>2. The moon represents my heart<br>3. Footsteps to greenland<br>4. The last of the Mohicans<br>5. The Rose \u201c Gulumcan \u201c<br>6. El Condor pasa<\/td><td>Piano Recital (Jerome Lowenthal)&nbsp;1. Fantasy opus 49 by Fr\u00e9d\u00e9ric Chopin<br>2. The Seasons&nbsp;by&nbsp;Pyotr Ilyich Tchaikovsky<br>&nbsp;&nbsp;&nbsp;&nbsp;January<br>&nbsp;&nbsp;&nbsp;&nbsp;February<br>&nbsp;&nbsp;&nbsp;&nbsp;March<br>&nbsp;&nbsp;&nbsp;&nbsp;April<br>&nbsp;&nbsp;&nbsp;&nbsp;May&nbsp;<br>&nbsp;&nbsp;&nbsp;&nbsp;June&nbsp;<br>3. Nuages Gris&nbsp;by&nbsp;Franz Liszt<br>&nbsp;&nbsp;&nbsp;&nbsp;Annees de P\u00e8lerinage (Third Year)<br>&nbsp;&nbsp;&nbsp;&nbsp;&nbsp;&nbsp;&nbsp;Sursum Corda&nbsp;by&nbsp;Franz Liszt<\/td><\/tr><tr><td>2024-08-25 Sun<\/td><td><\/td><td><\/td><td>Gala Concert 2pm-4pm&nbsp;&nbsp;Guest performance: Piano: Clair de Lune by Claude Debussy (Jerome Lowenthal) ;&nbsp;&nbsp;Piano Trio No. 4 in E minor, Op. 90, B. 166, \u201cDumky\u201d&nbsp;<br>VI. Lento Maestoso by Anton\u00edn Dvo\u0159\u00e1k: (Jasper Wood, Eric Wilson &amp; David Fung); Erhu solo Listening to the Pines by Hua Yan Jun (Jun Rong); The Best Performer of each instrumental category<\/td><td><\/td><\/tr><\/tbody><\/table><\/figure>\n\n\n\n<p class=\"\">Click <a href=\"http:\/\/vancouvercompetition.com\/wp-content\/uploads\/2024\/08\/2024-VIMF-Schedule.pdf\">Student Performance &amp; Masterclass Program<\/a> for detailed students performance and masterclass program<\/p>\n\n\n\n<p class=\"\">*<strong>Special Mentions for the 2024 Vancouver International Music Festival General Program:<\/strong><\/p>\n\n\n\n<ol class=\"wp-block-list\">\n<li class=\"\">The committee reserves the right to modify the program and schedule due to any unforeseen circumstances.<\/li>\n\n\n\n<li class=\"\">Festival passes, day passes, gala tickets can be purchased <a href=\"https:\/\/2024vimf.eventbrite.ca\">[here]<\/a>. Tickets are limited in quantity, so we recommend purchasing as soon as possible. Performances and masterclasses are free for candidates and the public.<\/li>\n\n\n\n<li class=\"\">Candidates will receive a 50% discount on passes. The discount code has been emailed to you.<\/li>\n<\/ol>\n","protected":false},"excerpt":{"rendered":"<p>2024 Vancouver International Music Festival Program (please refer to the students performance and masterclass program for detailed schedule) Date Morning (9am-12pm) Afternoon (12pm-5pm) Afternoon (5:30pm-6:30pm) Evening (7:30pm-8:30pm) 2024-08-20 Tue Piano&hellip;<\/p>","protected":false},"author":1,"featured_media":0,"parent":0,"menu_order":0,"comment_status":"closed","ping_status":"closed","template":"","meta":{"footnotes":""},"class_list":["post-4724","page","type-page","status-publish","hentry"],"jetpack_sharing_enabled":true,"_links":{"self":[{"href":"https:\/\/vancouvercompetition.com\/zh\/wp-json\/wp\/v2\/pages\/4724","targetHints":{"allow":["GET"]}}],"collection":[{"href":"https:\/\/vancouvercompetition.com\/zh\/wp-json\/wp\/v2\/pages"}],"about":[{"href":"https:\/\/vancouvercompetition.com\/zh\/wp-json\/wp\/v2\/types\/page"}],"author":[{"embeddable":true,"href":"https:\/\/vancouvercompetition.com\/zh\/wp-json\/wp\/v2\/users\/1"}],"replies":[{"embeddable":true,"href":"https:\/\/vancouvercompetition.com\/zh\/wp-json\/wp\/v2\/comments?post=4724"}],"version-history":[{"count":5,"href":"https:\/\/vancouvercompetition.com\/zh\/wp-json\/wp\/v2\/pages\/4724\/revisions"}],"predecessor-version":[{"id":5022,"href":"https:\/\/vancouvercompetition.com\/zh\/wp-json\/wp\/v2\/pages\/4724\/revisions\/5022"}],"wp:attachment":[{"href":"https:\/\/vancouvercompetition.com\/zh\/wp-json\/wp\/v2\/media?parent=4724"}],"curies":[{"name":"wp","href":"https:\/\/api.w.org\/{rel}","templated":true}]}}